{"id":1582,"date":"2013-02-09T10:31:06","date_gmt":"2013-02-09T10:31:06","guid":{"rendered":"http:\/\/www.flugmodel.is\/?page_id=1582"},"modified":"2015-03-08T14:06:37","modified_gmt":"2015-03-08T14:06:37","slug":"adalfundur-2013","status":"publish","type":"page","link":"https:\/\/www.flugmodel.is\/?page_id=1582","title":{"rendered":"A\u00f0alfundur 2013"},"content":{"rendered":"<p>A\u00f0alfundur FMFA 2013<\/p>\n<p>\u00c1 dagskr\u00e1 voru venjuleg a\u00f0alfunarst\u00f6rf. Forma\u00f0ur setti fund, bau\u00f0 alla velkomna og gekkst s\u00ed\u00f0an fyrir kosningu fundarstj\u00f3ra, sem var kosinn Sigur\u00f0ur Bjarni J\u00f3hannsson. S\u00ed\u00f0an var gengi\u00f0 til dagskr\u00e1r.<\/p>\n<p>Forma\u00f0ur flutti sk\u00fdrslu stj\u00f3rnar fyrir \u00e1ri\u00f0 2012. Sk\u00fdrslan var sam\u00feykkt me\u00f0 l\u00f3fataki.<\/p>\n<p>Gjaldkeri lag\u00f0i fram reiknginga til sam\u00feykktar. Nokkrar umr\u00e6\u00f0ur ur\u00f0u um einstaka li\u00f0i reikninganna en engar athugasemdir ger\u00f0ar \u00e1\u00f0ur en \u00feeir voru sam\u00feykktir samhlj\u00f3\u00f0a.<\/p>\n<p>Kosning stj\u00f3rnar, endursko\u00f0anda og nefnda. \u00c1rni Hr\u00f3lfur Helgason h\u00e6tti \u00ed stj\u00f3rn og \u00ed hans sta\u00f0 var kosinn J\u00f3n Gu\u00f0mundur Stef\u00e1nsson. A\u00f0rir \u00ed stj\u00f3rn sitja \u00e1fram. Stj\u00f3rnin er \u00fe\u00e1 skipu\u00f0 eftirfarandi:<\/p>\n<p>Gu\u00f0j\u00f3n \u00d3lafsson forma\u00f0ur<br \/>\nSigur\u00f0ur Bjarni J\u00f3hannsson gjaldkeri<br \/>\nJ\u00f3n Gu\u00f0mundur Stef\u00e1nsson ritari<br \/>\nT\u00f3mas J\u00f3nsson me\u00f0stj\u00f3rnandi<br \/>\n\u00c1sgr\u00edmur Karlsson me\u00f0stj\u00f3rnandi<\/p>\n<p>Kjartan Gu\u00f0mundsson var valinn endursko\u00f0andi.<\/p>\n<p>\u00deorsteinn Er\u00edksson h\u00e6ttir a\u00f0 sinna Flugsafni \u00cdslands fyrir h\u00f6nd FMFA og t\u00f3k Gu\u00f0j\u00f3n \u00d3lafsson vi\u00f0 \u00fev\u00ed hlutverki. Voru \u00feessi skipti sam\u00feykkt samhlj\u00f3\u00f0a.<\/p>\n<p>Fulltr\u00fai FMFA \u00ed stj\u00f3rn Flugkl\u00fabbs \u00cdslands hefur veri\u00f0 Finnur Helgason. Hann gaf ekki kost \u00e1 s\u00e9r \u00e1fram og \u00ed hans sta\u00f0 var kosinn \u00c1sgr\u00edmur Karlsson.<\/p>\n<p>Flugvallarstj\u00f3ri og umsj\u00f3narma\u00f0ur fasteigna vi\u00f0 flugbraut FMFA var endurkj\u00f6rinn Kjartan Gu\u00f0mundsson.<\/p>\n<p>Fulltr\u00fai FMFA \u00ed Grasr\u00f3t var Sigur\u00f0ur Bjarni J\u00f3hannsson en \u00ed hans sta\u00f0 var Bergmundur Stef\u00e1nsson kj\u00f6rinn.<\/p>\n<p>Ritari t\u00f3k a\u00f0 s\u00e9r a\u00f0 tilkynna \u00feessar breytingar til Flugsafnsins, Flugkl\u00fabbs \u00cdslands og Grasr\u00f3tar.<\/p>\n<p>Breytingar \u00e1 l\u00f6gum. Gu\u00f0j\u00f3n \u00d3lafsson lag\u00f0i til breytingu e\u00f0a lagf\u00e6ringu \u00e1 hluta 5. greinar laga f\u00e9lagsins sem er svohlj\u00f3\u00f0andi: \u201cFundarstj\u00f3ri gerir till\u00f6gu um fundarritara og sker hann \u00far um \u00f6ll atri\u00f0i m\u00e1la.\u201d Or\u00f0i\u00f0 \u201chann\u201d ver\u00f0ur teki\u00f0 \u00fat og hlj\u00f3ma \u00fe\u00e1 setningin svona: \u201cFundarstj\u00f3ri gerir till\u00f6gu um fundarritara og sker \u00far um \u00f6ll atri\u00f0i m\u00e1la.\u201d  Var \u00feessi breytingatillaga sam\u00feykkt samhlj\u00f3\u00f0a.<\/p>\n<p>F\u00e9lagsgjald var \u00e1kve\u00f0i\u00f0 \u00f3breytt e\u00f0a kr. 10000.<\/p>\n<p>\u00d6nnur m\u00e1l. \u00ddmislegt var r\u00e6tt um rekstur Melger\u00f0ismela og um flugsv\u00e6\u00f0i\u00f0 allt, sem ekki er \u00e1st\u00e6\u00f0a til a\u00f0 b\u00f3ka h\u00e9r. \u00c1sgr\u00edmur Karlsson dr\u00f3 \u00far p\u00fassi s\u00ednu kols\u00fdrusl\u00f6kkvit\u00e6ki miki\u00f0, sem f\u00e9laginu haf\u00f0i veri\u00f0 f\u00e6rt a\u00f0 gj\u00f6f og afhenti \u00fea\u00f0 Kjartani Gu\u00f0mundssyni vallarver\u00f0i. Sl\u00f6kkvit\u00e6ki\u00f0 ver\u00f0ur sta\u00f0sett \u00ed h\u00fasi f\u00e9lagsins vi\u00f0 flugbrautina. Gu\u00f0j\u00f3n \u00d3lafsson r\u00e6ddi um a\u00f0 keyptur ver\u00f0i sj\u00fakrakassi til a\u00f0 hafa \u00e1 Melunum og annar til \u00feess a\u00f0 hafa \u00ed a\u00f0st\u00f6\u00f0u f\u00e9lagsins \u00ed Slippnum. Var \u00fea\u00f0 sam\u00feykkt. Gu\u00f0j\u00f3n r\u00e6ddi einnig um stofnun Landssambands \u00cdslanskra Flugm\u00f3delf\u00e9laga, L\u00cdM, sem ver\u00f0ur stofna\u00f0 \u00ed dag a\u00f0 Tungub\u00f6kkum \u00ed Mosfellsb\u00e6. Nokkrar umr\u00e6\u00f0ur ur\u00f0u um or\u00f0alag laga L\u00cdM og almennan tilgang f\u00e9lagsins. Bergmundur Stef\u00e1nsson f\u00e6r\u00f0i f\u00e9laginu a\u00f0 gj\u00f6f t\u00f6lvub\u00fana\u00f0, sem hann hefur sett saman fyrir flughermi og var honum \u00feakka\u00f0 framtaki\u00f0 me\u00f0 g\u00f3\u00f0u l\u00f3fataki.<\/p>\n<p>\u00ddmislegt fleira var r\u00e6tt, sem ekki \u00fe\u00f3tti \u00e1st\u00e6\u00f0a til a\u00f0 b\u00f3ka h\u00e9r.<\/p>\n<p>\t\t\t\t\t\tFleira ekki f\u00e6rt til b\u00f3kar,<br \/>\n\t\t\t\t\t\tfundi sliti\u00f0.<\/p>\n<p>\t\t\t\t\t\t\u00c1rni H Helgason ritari<\/p>\n","protected":false},"excerpt":{"rendered":"<p>A\u00f0alfundur FMFA 2013 \u00c1 dagskr\u00e1 voru venjuleg a\u00f0alfunarst\u00f6rf. Forma\u00f0ur setti fund, bau\u00f0 alla velkomna og gekkst s\u00ed\u00f0an fyrir kosningu fundarstj\u00f3ra, sem var kosinn Sigur\u00f0ur Bjarni J\u00f3hannsson. S\u00ed\u00f0an var gengi\u00f0 til dagskr\u00e1r. Forma\u00f0ur flutti sk\u00fdrslu stj\u00f3rnar fyrir \u00e1ri\u00f0 2012. Sk\u00fdrslan var &hellip; <a href=\"https:\/\/www.flugmodel.is\/?page_id=1582\">Halda \u00e1fram a\u00f0 lesa <span class=\"meta-nav\">&rarr;<\/span><\/a><\/p>\n","protected":false},"author":2,"featured_media":0,"parent":35,"menu_order":8,"comment_status":"closed","ping_status":"closed","template":"","meta":[],"_links":{"self":[{"href":"https:\/\/www.flugmodel.is\/index.php?rest_route=\/wp\/v2\/pages\/1582"}],"collection":[{"href":"https:\/\/www.flugmodel.is\/index.php?rest_route=\/wp\/v2\/pages"}],"about":[{"href":"https:\/\/www.flugmodel.is\/index.php?rest_route=\/wp\/v2\/types\/page"}],"author":[{"embeddable":true,"href":"https:\/\/www.flugmodel.is\/index.php?rest_route=\/wp\/v2\/users\/2"}],"replies":[{"embeddable":true,"href":"https:\/\/www.flugmodel.is\/index.php?rest_route=%2Fwp%2Fv2%2Fcomments&post=1582"}],"version-history":[{"count":5,"href":"https:\/\/www.flugmodel.is\/index.php?rest_route=\/wp\/v2\/pages\/1582\/revisions"}],"predecessor-version":[{"id":1675,"href":"https:\/\/www.flugmodel.is\/index.php?rest_route=\/wp\/v2\/pages\/1582\/revisions\/1675"}],"up":[{"embeddable":true,"href":"https:\/\/www.flugmodel.is\/index.php?rest_route=\/wp\/v2\/pages\/35"}],"wp:attachment":[{"href":"https:\/\/www.flugmodel.is\/index.php?rest_route=%2Fwp%2Fv2%2Fmedia&parent=1582"}],"curies":[{"name":"wp","href":"https:\/\/api.w.org\/{rel}","templated":true}]}}